{"id":4855,"date":"2026-03-04T10:53:09","date_gmt":"2026-03-04T09:53:09","guid":{"rendered":"https:\/\/sarahgbaguidi.fr\/?page_id=4855"},"modified":"2026-04-14T12:58:04","modified_gmt":"2026-04-14T10:58:04","slug":"narrations","status":"publish","type":"page","link":"https:\/\/sarahgbaguidi.fr\/?page_id=4855","title":{"rendered":"La Maison"},"content":{"rendered":"\n<figure class=\"wp-block-image size-large\"><img loading=\"lazy\" decoding=\"async\" width=\"1024\" height=\"984\" src=\"https:\/\/sarahgbaguidi.fr\/wp-content\/uploads\/2026\/04\/IMG_9181-1024x984.jpeg\" alt=\"\" class=\"wp-image-4993\" srcset=\"https:\/\/sarahgbaguidi.fr\/wp-content\/uploads\/2026\/04\/IMG_9181-1024x984.jpeg 1024w, https:\/\/sarahgbaguidi.fr\/wp-content\/uploads\/2026\/04\/IMG_9181-300x288.jpeg 300w, https:\/\/sarahgbaguidi.fr\/wp-content\/uploads\/2026\/04\/IMG_9181-768x738.jpeg 768w, https:\/\/sarahgbaguidi.fr\/wp-content\/uploads\/2026\/04\/IMG_9181.jpeg 1121w\" sizes=\"auto, (max-width: 1024px) 100vw, 1024px\" \/><\/figure>\n\n\n\n<p><strong>10 conseils pour choisir les couleurs de son espace de vie.<\/strong><\/p>\n\n\n\n<p>La maison est le coeur de nos vies. L&rsquo;endroit o\u00f9 on \u00e9volue paisiblement et librement, ancr\u00e9s dans notre intimit\u00e9. Pour cette raison, la d\u00e9coration du foyer devrait rester une affaire personnelle, l&rsquo;expression de nos propres go\u00fbts et notre propre exp\u00e9rience, et des pr\u00e9f\u00e9rences qui s\u2019accommodent le plus \u00e0 notre mani\u00e8re de penser l&rsquo;espace et y vivre les instants qui comptent.&nbsp;Peu adeptes des modes et tendances de d\u00e9coration al\u00e9atoires et changeantes, mais sensibles \u00e0 la n\u00e9cessit\u00e9 de fa\u00e7onner l\u2019espace avec intention et soin, voici quelques conseils g\u00e9n\u00e9raux \u00e0 propos du choix des couleurs en d\u00e9coration :<\/p>\n\n\n\n<p>Le jaune apporte une touche de lumi\u00e8re teint\u00e9e et illumine la pi\u00e8ce, \u00e0 condition d&rsquo;avoir une d\u00e9coration aux tons plut\u00f4t neutres et un espace d\u00e9gag\u00e9.<\/p>\n\n\n\n<p>Des touches de rose, comme des tapis, lampes ou tables d\u2019appoint sont de charmantes mani\u00e8res d&rsquo;apporter de la gaiet\u00e9 avec douceur et romantisme.<\/p>\n\n\n\n<p>Mariez le rose avec le vert pour une pi\u00e8ce chaleureuse et personnelle, comme la chambre par exemple.<\/p>\n\n\n\n<p>En ce qui concerne le bleu, attention \u00e0 ne pas tomber dans un d\u00e9cor un peu mi\u00e8vre : le bleu aux murs ou pour les meubles peut vite donner le mal de mer et une sensation un peu incongrue. Pour \u00e9viter cela, usez en en petites touches comme avec une nappe de table, de la vaisselle ou une petite lampe d&rsquo;appoint. Un d\u00e9tail bleu accroch\u00e9 aux murs peut donner cours \u00e0 une ambiance m\u00e9ditative et apaisante. Au contraire, pour \u00e9lectriser la pi\u00e8ce, et proposer un contraste \u00e9nergisant, mariez le bleu avec le rouge : un meuble bleu outremer sur un tapis rouge vermillon, par exemple.<\/p>\n\n\n\n<p>Le vert facilite la convivialit\u00e9. Une touche printani\u00e8re et lumineuse en toute saison qui ravit les yeux et apaise l&rsquo;esprit par sa connotation rassurante : une couleur qu&rsquo;on retrouve ais\u00e9ment partout dans la nature, un rappel de l&rsquo;\u00e9tat simple et organique des choses.<\/p>\n\n\n\n<p>L&rsquo;orange, couleur joyeuse et communicative peut ais\u00e9ment conf\u00e9rer du caract\u00e8re,&nbsp; une touche de chic et de style \u00e0 votre int\u00e9rieur par son audace, particuli\u00e8rement s&rsquo;il est associ\u00e9 \u00e0 du marron ou des tons camel. Un moyen anodin d&rsquo;affirmer votre personnalit\u00e9.&nbsp;<\/p>\n\n\n\n<p>Les beiges, marron, camel sont la promesse d&rsquo;une touche d&rsquo;\u00e9l\u00e9gance \u00e0 peine marqu\u00e9e qui apporte \u00e9galement une chaleureuse tonalit\u00e9, particuli\u00e8rement lorsqu&rsquo;on en fait des d\u00e9tails (un mur camel entour\u00e9 de murs blancs par exemple), ou des objets dans un espace blanc.<\/p>\n\n\n\n<p>Le rouge, s\u2019il est utilis\u00e9 avec parcimonie peut faire des miracles. Oui le rouge demeure une couleur relativement agressive. Tr\u00e8s puissante et chaleureuse, mais qui peut avoir un effet fatiguant pour les yeux par la tonalit\u00e9 exub\u00e9rante de sa fr\u00e9quence chromatique. Le mieux pour le rouge est donc de le cantonner \u00e0 des d\u00e9tails savamment pens\u00e9s. Des \u00e9l\u00e9ments au choix dans les tons plut\u00f4t rouge orang\u00e9 pour le rouge vif et plut\u00f4t lie-de-vin pour le rouge fonc\u00e9 apportent une touche radieusement sentimentale \u00e0 tout endroit.<\/p>\n\n\n\n<p>Le noir et le blanc : pour ces deux tons, c&rsquo;est tout ou rien : un espace tout blanc est un choix classique mais toujours efficace, la promesse d&rsquo;une pi\u00e8ce lumineuse sans \u00e9quivoque.&nbsp;<\/p>\n\n\n\n<p>Le choix du noir est souvent une belle id\u00e9e lorsqu\u2019il se marie avec le blanc : du mobilier total noir sur des murs blancs par exemple. Un sofa noir profond ou m\u00eame un tapis de sol noir pour s&rsquo;affirmer avec \u00e9l\u00e9gance, un choix qui apportera beaucoup de caract\u00e8re tout en garantissant un d\u00e9cor relativement et reposant par sa faible stimulation chromatique.&nbsp;<\/p>\n","protected":false},"excerpt":{"rendered":"<p>10 conseils pour choisir les couleurs de son espace de vie. La maison est le coeur de nos vies. L&rsquo;endroit o\u00f9 on \u00e9volue paisiblement et librement, ancr\u00e9s dans notre intimit\u00e9. Pour cette raison, la d\u00e9coration du foyer devrait rester une affaire personnelle, l&rsquo;expression de nos propres go\u00fbts et notre propre exp\u00e9rience, et des pr\u00e9f\u00e9rences qui [&hellip;]<\/p>\n","protected":false},"author":1,"featured_media":0,"parent":0,"menu_order":0,"comment_status":"closed","ping_status":"closed","template":"","meta":{"footnotes":""},"class_list":["post-4855","page","type-page","status-publish","hentry","entry"],"_links":{"self":[{"href":"https:\/\/sarahgbaguidi.fr\/index.php?rest_route=\/wp\/v2\/pages\/4855","targetHints":{"allow":["GET"]}}],"collection":[{"href":"https:\/\/sarahgbaguidi.fr\/index.php?rest_route=\/wp\/v2\/pages"}],"about":[{"href":"https:\/\/sarahgbaguidi.fr\/index.php?rest_route=\/wp\/v2\/types\/page"}],"author":[{"embeddable":true,"href":"https:\/\/sarahgbaguidi.fr\/index.php?rest_route=\/wp\/v2\/users\/1"}],"replies":[{"embeddable":true,"href":"https:\/\/sarahgbaguidi.fr\/index.php?rest_route=%2Fwp%2Fv2%2Fcomments&post=4855"}],"version-history":[{"count":5,"href":"https:\/\/sarahgbaguidi.fr\/index.php?rest_route=\/wp\/v2\/pages\/4855\/revisions"}],"predecessor-version":[{"id":4998,"href":"https:\/\/sarahgbaguidi.fr\/index.php?rest_route=\/wp\/v2\/pages\/4855\/revisions\/4998"}],"wp:attachment":[{"href":"https:\/\/sarahgbaguidi.fr\/index.php?rest_route=%2Fwp%2Fv2%2Fmedia&parent=4855"}],"curies":[{"name":"wp","href":"https:\/\/api.w.org\/{rel}","templated":true}]}}