{"id":5050,"date":"2026-04-16T10:49:45","date_gmt":"2026-04-16T08:49:45","guid":{"rendered":"https:\/\/sarahgbaguidi.fr\/?page_id=5050"},"modified":"2026-04-16T10:56:26","modified_gmt":"2026-04-16T08:56:26","slug":"2021-2026","status":"publish","type":"page","link":"https:\/\/sarahgbaguidi.fr\/?page_id=5050","title":{"rendered":"2021-2026"},"content":{"rendered":"\n<p class=\"has-text-align-center\"><strong>2021 &#8211; 2026&nbsp;<\/strong><\/p>\n\n\n\n<p>Au d\u00e9but de l\u2019ann\u00e9e 2021, je venais de terminer mes \u00e9tudes en communication, mes ann\u00e9es d\u2019alternance, et j\u2019avais l\u2019immense envie d\u2019assouvir mes id\u00e9es cr\u00e9atives. Je me demandais comment et quel chemin emprunter, bien qu\u2019ayant toujours \u00e9volu\u00e9 dans des environnements professionnels scientifiques j\u2019avais l\u2019habitude de cultiver un jardin artistique en secret. Il fallait qu\u2019\u00e9merge \u00e0 la surface toute la part d\u2019ombre rayonnante que je m\u2019\u00e9tais \u00e9vertu\u00e9e \u00e0 constituer.&nbsp;<\/p>\n\n\n\n<p>Pendant l\u2019ann\u00e9e 2022, j\u2019ai r\u00e9alis\u00e9 ma premi\u00e8re pr\u00e9sentation d\u2019oeuvres dans une foire d\u2019art parisienne. Puis j\u2019ai encha\u00een\u00e9 avec des commissions d\u2019illustration pour un media en ligne. Des \u00e9v\u00e9nements artistiques ponctuels se sont succ\u00e9d\u00e9s, et j\u2019y ai fait la rencontre de plusieurs artistes, designers et amoureux d\u2019art. Ces \u00e9changes m\u2019ont nourrie, et \u00e9galement amen\u00e9e \u00e0 me questionner. J\u2019ai commenc\u00e9 \u00e0 r\u00e9aliser qu\u2019il y avait dans ma d\u00e9marche un souci de r\u00e9ussir \u00e0 produire ce que je pensais m\u00e9riterait d\u2019\u00eatre vu, l\u2019accueil possible de ce que je montrerais influen\u00e7ait mon processus d\u00e8s sa gen\u00e8se. Je peignais, pour l\u2019appr\u00e9ciation et la compr\u00e9hension des autres.<\/p>\n\n\n\n<p>En 2023 j\u2019ai expos\u00e9 des toiles dans une galerie du 6e. C\u2019\u00e9tait l\u2019accomplissement de cette d\u00e9marche que j\u2019avais enclench\u00e9e deux ans plus t\u00f4t. J\u2019avais peint des choses qui m\u00e9ritaient d\u2019\u00eatre vues, mais quelque part, je ne savais pas exactement dans quel sens continuer \u00e0 faire progresser cette d\u00e9marche.&nbsp;<\/p>\n\n\n\n<p>Quand l\u2019ambition se limite \u00e0 ce qu\u2019on attend des autres, le but est difficilement \u00e9volutif. Cette exposition, bien qu\u2019avantageuse et valorisante, ne m\u2019a men\u00e9e \u00e0 aucune vente, chose que j\u2019avais plus l\u2019habitude de r\u00e9aliser lors de pop-up show, avec des petits formats. J\u2019ai commenc\u00e9 \u00e0 apprivoiser les issues potentielles de la voie o\u00f9 je m\u2019\u00e9tais engag\u00e9e, ses apparences et ses revers, la lumi\u00e8re et son ombre creuse. L\u2019ombre, qui \u00e9tait autrefois un point de d\u00e9part et un endroit riche et vital, d\u2019intense activit\u00e9 int\u00e9rieure, se transformait en un vestige abyssal et d\u00e9sincarn\u00e9 d\u2019heures pass\u00e9es \u00e0 essayer de proposer aux autres ce que me semblait \u00eatre <em>ce que j\u2019avais \u00e0 dire<\/em>.&nbsp;<\/p>\n\n\n\n<p><strong>Un vestige abyssal.<\/strong><\/p>\n\n\n\n<p>La production des oeuvres que j\u2019ai soumise \u00e0 cette galerie s\u2019\u00e9tait faite dans la douleur, j\u2019ai h\u00e9sit\u00e9 \u00e0 d\u00e9chirer trois toiles \u00e0 plusieurs reprises avant qu\u2019elles soient accroch\u00e9es, et, pour la premi\u00e8re fois, cette sensation de peindre depuis une prison s\u2019est fait ressentir.<\/p>\n\n\n\n<p>En 2024, j\u2019ai voulu migrer vers de nouvelles choses, donc je me suis remise plus intentionnellement \u00e0 l\u2019\u00e9criture et j\u2019ai particip\u00e9 \u00e0 des sc\u00e8nes ouvertes de po\u00e9sie. J\u2019essayais encore de n\u00e9gocier avec mon habitude visc\u00e9rale de peindre et j\u2019ai donc perform\u00e9 avec une vaste fresque de satin peinte \u00e0 l\u2019acrylique accroch\u00e9e derri\u00e8re moi sur sc\u00e8ne :<\/p>\n\n\n\n<p><em>Everybody loved it.<\/em><\/p>\n\n\n\n<p>Pour poursuivre et continuer \u00e0 d\u00e9samorcer mon processus, j\u2019ai pers\u00e9v\u00e9rer dans la production, des choses nouvelles, avec l\u2019envie de retrouver une voix et j\u2019ai commenc\u00e9 \u00e0 proposer des animations d\u2019ateliers cr\u00e9atifs en 2025. Le geste de partage simple de ce qui m\u2019est le plus naturel \u00e0 faire s\u2019est r\u00e9v\u00e9l\u00e9 \u00eatre une cl\u00e9 possible d\u2019instruction de ce \u00e0 quoi pourrait ressembler un \u00e9panouissement cr\u00e9atif organique et \u00e9vident.&nbsp;<\/p>\n\n\n\n<p>\u00c0 ce stade, je me mets \u00e0 comprendre que donner un espace <strong>pour \u00eatre <\/strong>\u00e0 ma part cr\u00e9ative ne n\u00e9cessite peut \u00eatre pas de justification permanente de <em>sa raison d\u2019\u00eatre<\/em>, et peut \u00eatre que pour laisser s\u2019accomplir sa raison d\u2019\u00eatre, il me faut simplement agir naturellement sur sa mise en oeuvre et en contempler les \u00e9tapes sans vouloir violemment en forcer la trajectoire d\u2019arriv\u00e9e.\u00a0<\/p>\n\n\n\n<p><\/p>\n","protected":false},"excerpt":{"rendered":"<p>2021 &#8211; 2026&nbsp; Au d\u00e9but de l\u2019ann\u00e9e 2021, je venais de terminer mes \u00e9tudes en communication, mes ann\u00e9es d\u2019alternance, et j\u2019avais l\u2019immense envie d\u2019assouvir mes id\u00e9es cr\u00e9atives. Je me demandais comment et quel chemin emprunter, bien qu\u2019ayant toujours \u00e9volu\u00e9 dans des environnements professionnels scientifiques j\u2019avais l\u2019habitude de cultiver un jardin artistique en secret. Il fallait [&hellip;]<\/p>\n","protected":false},"author":1,"featured_media":0,"parent":0,"menu_order":0,"comment_status":"closed","ping_status":"closed","template":"","meta":{"footnotes":""},"class_list":["post-5050","page","type-page","status-publish","hentry","entry"],"_links":{"self":[{"href":"https:\/\/sarahgbaguidi.fr\/index.php?rest_route=\/wp\/v2\/pages\/5050","targetHints":{"allow":["GET"]}}],"collection":[{"href":"https:\/\/sarahgbaguidi.fr\/index.php?rest_route=\/wp\/v2\/pages"}],"about":[{"href":"https:\/\/sarahgbaguidi.fr\/index.php?rest_route=\/wp\/v2\/types\/page"}],"author":[{"embeddable":true,"href":"https:\/\/sarahgbaguidi.fr\/index.php?rest_route=\/wp\/v2\/users\/1"}],"replies":[{"embeddable":true,"href":"https:\/\/sarahgbaguidi.fr\/index.php?rest_route=%2Fwp%2Fv2%2Fcomments&post=5050"}],"version-history":[{"count":5,"href":"https:\/\/sarahgbaguidi.fr\/index.php?rest_route=\/wp\/v2\/pages\/5050\/revisions"}],"predecessor-version":[{"id":5060,"href":"https:\/\/sarahgbaguidi.fr\/index.php?rest_route=\/wp\/v2\/pages\/5050\/revisions\/5060"}],"wp:attachment":[{"href":"https:\/\/sarahgbaguidi.fr\/index.php?rest_route=%2Fwp%2Fv2%2Fmedia&parent=5050"}],"curies":[{"name":"wp","href":"https:\/\/api.w.org\/{rel}","templated":true}]}}