{"id":5062,"date":"2026-04-18T13:15:15","date_gmt":"2026-04-18T11:15:15","guid":{"rendered":"https:\/\/sarahgbaguidi.fr\/?page_id=5062"},"modified":"2026-04-18T13:41:33","modified_gmt":"2026-04-18T11:41:33","slug":"poesie","status":"publish","type":"page","link":"https:\/\/sarahgbaguidi.fr\/?page_id=5062","title":{"rendered":"Po\u00e9sie"},"content":{"rendered":"\n<p>Et donc la r\u00e9solution se pr\u00e9senta<\/p>\n\n\n\n<p>Des portes ais\u00e9es aux longs couloirs inond\u00e9s de lumi\u00e8re&nbsp;<\/p>\n\n\n\n<p><strong>La disparition \u00e9clatante !<\/strong><\/p>\n\n\n\n<p>Oui, je d\u00e9couvris la possibilit\u00e9 de l\u2019absence vertueuse<\/p>\n\n\n\n<p>Je me suis mise \u00e0 r\u00eaver de murs sans images, d\u2019images sans visages<\/p>\n\n\n\n<p>Des parois teint\u00e9es d\u2019histoires secr\u00e8tes et silencieuses<\/p>\n\n\n\n<p>Tonitruantes dans l\u2019espace du for int\u00e9rieur.<\/p>\n\n\n\n<p><em>Le coeur a ses raisons jusqu\u2019\u00e0 ce qu\u2019il s\u2019apaise<\/em><\/p>\n\n\n\n<p>Et donc vint la r\u00e9solution&nbsp;<\/p>\n\n\n\n<p>L\u2019absolue v\u00e9rit\u00e9 claire et fi\u00e8re<\/p>\n\n\n\n<p>Et je me mis \u00e0 r\u00eaver d\u2019un au-del\u00e0 possible<\/p>\n\n\n\n<p>Le silence \u00e9blouissant.<\/p>\n\n\n\n<p>Les bruits d\u2019instruments m\u2019apparurent inutiles&nbsp;<\/p>\n\n\n\n<p>et je me remis \u00e0 r\u00eaver d\u2019un instant d\u00e9nu\u00e9 de temps<\/p>\n\n\n\n<p><strong>Je t\u2019enverrai des oiseaux :<\/strong><\/p>\n\n\n\n<p>Les t\u00e9l\u00e9communications ne se font pas assez rares          Un message dans le vide                                                 Une bouteille \u00e0 la mer c\u2019est tout comme                         J\u2019ai perdu le fil de notre liaison                                         Et le flux demande encore \u00e0 \u00eatre ma\u00eetris\u00e9<\/p>\n\n\n\n<p>Un message dans le vide<\/p>\n\n\n\n<p>Une bouteille \u00e0 la mer c\u2019est tout comme<\/p>\n\n\n\n<p>La wifi est trop sauvage<\/p>\n\n\n\n<p>Je t\u2019enverrai des oiseaux<\/p>\n\n\n\n<p>Je t\u2019enverrai des oiseaux<\/p>\n\n\n\n<p>Mes intuitions m\u2019intimident<\/p>\n\n\n\n<p>Et la r\u00e9alit\u00e9 me met face \u00e0 mes failles<\/p>\n\n\n\n<p>Il me faudra plus qu\u2019une certitude<\/p>\n\n\n\n<p>Pour y croire<\/p>\n\n\n\n<p>Un saut dans le vide<\/p>\n\n\n\n<p>Une impossibilit\u00e9 de bouger sans<\/p>\n\n\n\n<p>Un emp\u00eachement de ne pas prendre de risque<\/p>\n\n\n\n<p>Une incontr\u00f4labilit\u00e9 toute puissante<\/p>\n\n\n\n<p>Des ailes invisibles<\/p>\n\n\n\n<p>Que la vie \u00e9close encore&nbsp;<\/p>\n\n\n\n<p>Le couloir r\u00e9sonnant de bruits de trompes a\u00e9riennes \u00e9crasantes<\/p>\n\n\n\n<p>Au destin implacable rien n\u2019est impossible&nbsp;<\/p>\n\n\n\n<p>Des volatils itin\u00e9rants&nbsp;<\/p>\n\n\n\n<p>Qui rejoignent le bout du monde<\/p>\n\n\n\n<p>Juste pour accomplir la v\u00e9rit\u00e9<\/p>\n\n\n\n<p>L\u2019absence tranquille me manque depuis longtemps<\/p>\n\n\n\n<p>depuis le d\u00e9but de l\u2019\u00e9ternit\u00e9&nbsp;<\/p>\n\n\n\n<p>Je suis combl\u00e9e d\u2019avoir dans\u00e9<\/p>\n\n\n\n<p>Et ma coupe d\u00e9borde<\/p>\n\n\n\n<p>Il me faut plus que des phrases<\/p>\n\n\n\n<p>L\u2019enjeu est trop grand<\/p>\n\n\n\n<p>Tu le sauras quand j\u2019aurai trouv\u00e9 mes mots<\/p>\n\n\n\n<p>Je t\u2019enverrai des oiseaux<\/p>\n\n\n\n<p><strong>I will send you birds :&nbsp;<\/strong><\/p>\n\n\n\n<p>A message in the vast emptiness<\/p>\n\n\n\n<p>Might as well send it in a bottle<\/p>\n\n\n\n<p>I have lost track of our connection<\/p>\n\n\n\n<p>And the flow has yet to be defined<\/p>\n\n\n\n<p>The wifi is way too wild<\/p>\n\n\n\n<p>I will send you birds<\/p>\n\n\n\n<p>I will send you birds<\/p>\n\n\n\n<p>My intuitions make me shy<\/p>\n\n\n\n<p>Reality reveals my vulnerabilty<\/p>\n\n\n\n<p>I\u2019m gonna need more than just certainty<\/p>\n\n\n\n<p>To believe<\/p>\n\n\n\n<p>Jump into the void of the unknown<\/p>\n\n\n\n<p>The necessity not to do without<\/p>\n\n\n\n<p>The impossibility not to take a risk<\/p>\n\n\n\n<p>Almighty<\/p>\n\n\n\n<p>Untamable<\/p>\n\n\n\n<p>Invisible wings<\/p>\n\n\n\n<p>Life might hatch again<\/p>\n\n\n\n<p>Heavy<\/p>\n\n\n\n<p>Overhead<\/p>\n\n\n\n<p>The sounds resonate in the infinite corridor&nbsp;<\/p>\n\n\n\n<p>Undoubted fate will always make its way<\/p>\n\n\n\n<p>Moving feathered friends<\/p>\n\n\n\n<p>Crossing the globe<\/p>\n\n\n\n<p>Just to give birth to the truth<\/p>\n\n\n\n<p>I miss the tranquility of an absence<\/p>\n\n\n\n<p>It\u2019s been a longtime<\/p>\n\n\n\n<p>Ever since forever<\/p>\n\n\n\n<p>I am fullfilled I have danced<\/p>\n\n\n\n<p>Now my cup overflows<\/p>\n\n\n\n<p>Sentences cannot be enough<\/p>\n\n\n\n<p>The stake is too high<\/p>\n\n\n\n<p>When I have found them&nbsp;<\/p>\n\n\n\n<p>My words shall be heard<\/p>\n\n\n\n<p>I will send you birds<\/p>\n","protected":false},"excerpt":{"rendered":"<p>Et donc la r\u00e9solution se pr\u00e9senta Des portes ais\u00e9es aux longs couloirs inond\u00e9s de lumi\u00e8re&nbsp; La disparition \u00e9clatante ! Oui, je d\u00e9couvris la possibilit\u00e9 de l\u2019absence vertueuse Je me suis mise \u00e0 r\u00eaver de murs sans images, d\u2019images sans visages Des parois teint\u00e9es d\u2019histoires secr\u00e8tes et silencieuses Tonitruantes dans l\u2019espace du for int\u00e9rieur. Le coeur [&hellip;]<\/p>\n","protected":false},"author":1,"featured_media":0,"parent":0,"menu_order":0,"comment_status":"closed","ping_status":"closed","template":"","meta":{"footnotes":""},"class_list":["post-5062","page","type-page","status-publish","hentry","entry"],"_links":{"self":[{"href":"https:\/\/sarahgbaguidi.fr\/index.php?rest_route=\/wp\/v2\/pages\/5062","targetHints":{"allow":["GET"]}}],"collection":[{"href":"https:\/\/sarahgbaguidi.fr\/index.php?rest_route=\/wp\/v2\/pages"}],"about":[{"href":"https:\/\/sarahgbaguidi.fr\/index.php?rest_route=\/wp\/v2\/types\/page"}],"author":[{"embeddable":true,"href":"https:\/\/sarahgbaguidi.fr\/index.php?rest_route=\/wp\/v2\/users\/1"}],"replies":[{"embeddable":true,"href":"https:\/\/sarahgbaguidi.fr\/index.php?rest_route=%2Fwp%2Fv2%2Fcomments&post=5062"}],"version-history":[{"count":6,"href":"https:\/\/sarahgbaguidi.fr\/index.php?rest_route=\/wp\/v2\/pages\/5062\/revisions"}],"predecessor-version":[{"id":5077,"href":"https:\/\/sarahgbaguidi.fr\/index.php?rest_route=\/wp\/v2\/pages\/5062\/revisions\/5077"}],"wp:attachment":[{"href":"https:\/\/sarahgbaguidi.fr\/index.php?rest_route=%2Fwp%2Fv2%2Fmedia&parent=5062"}],"curies":[{"name":"wp","href":"https:\/\/api.w.org\/{rel}","templated":true}]}}